{"id":639,"date":"2020-10-10T13:13:37","date_gmt":"2020-10-10T13:13:37","guid":{"rendered":"https:\/\/koelner-filmer.de\/?page_id=639"},"modified":"2026-03-26T13:52:07","modified_gmt":"2026-03-26T13:52:07","slug":"tipps-fuer-filmer","status":"publish","type":"page","link":"https:\/\/koelner-filmer.de\/?page_id=639","title":{"rendered":"Tipps f\u00fcr Filmer"},"content":{"rendered":"\t\t<div data-elementor-type=\"wp-page\" data-elementor-id=\"639\" class=\"elementor elementor-639\">\n\t\t\t\t\t\t<section class=\"elementor-section elementor-top-section elementor-element elementor-element-ccbd5f7 elementor-section-boxed elementor-section-height-default elementor-section-height-default\" data-id=\"ccbd5f7\" data-element_type=\"section\" data-e-type=\"section\" data-settings=\"{&quot;background_background&quot;:&quot;classic&quot;}\">\n\t\t\t\t\t\t<div class=\"elementor-container elementor-column-gap-default\">\n\t\t\t\t\t<div class=\"elementor-column elementor-col-100 elementor-top-column elementor-element elementor-element-a69705e\" data-id=\"a69705e\" data-element_type=\"column\" data-e-type=\"column\">\n\t\t\t<div class=\"elementor-widget-wrap elementor-element-populated\">\n\t\t\t\t\t\t<div class=\"elementor-element elementor-element-7cd8b7c elementor-widget elementor-widget-heading\" data-id=\"7cd8b7c\" data-element_type=\"widget\" data-e-type=\"widget\" data-widget_type=\"heading.default\">\n\t\t\t\t<div class=\"elementor-widget-container\">\n\t\t\t\t\t<h1 class=\"elementor-heading-title elementor-size-default\">Tipps f\u00fcr Filmer<\/h1>\t\t\t\t<\/div>\n\t\t\t\t<\/div>\n\t\t\t\t<div class=\"elementor-element elementor-element-121239a elementor-widget elementor-widget-spacer\" data-id=\"121239a\" data-element_type=\"widget\" data-e-type=\"widget\" data-widget_type=\"spacer.default\">\n\t\t\t\t<div class=\"elementor-widget-container\">\n\t\t\t\t\t\t\t<div class=\"elementor-spacer\">\n\t\t\t<div class=\"elementor-spacer-inner\"><\/div>\n\t\t<\/div>\n\t\t\t\t\t\t<\/div>\n\t\t\t\t<\/div>\n\t\t\t\t\t<\/div>\n\t\t<\/div>\n\t\t\t\t\t<\/div>\n\t\t<\/section>\n\t\t\t\t<section class=\"elementor-section elementor-top-section elementor-element elementor-element-86dbbff elementor-section-content-middle elementor-section-boxed elementor-section-height-default elementor-section-height-default\" data-id=\"86dbbff\" data-element_type=\"section\" data-e-type=\"section\" data-settings=\"{&quot;background_background&quot;:&quot;classic&quot;}\">\n\t\t\t\t\t\t<div class=\"elementor-container elementor-column-gap-narrow\">\n\t\t\t\t\t<div class=\"elementor-column elementor-col-33 elementor-top-column elementor-element elementor-element-89bc742\" data-id=\"89bc742\" data-element_type=\"column\" data-e-type=\"column\">\n\t\t\t<div class=\"elementor-widget-wrap elementor-element-populated\">\n\t\t\t\t\t\t<section class=\"elementor-section elementor-inner-section elementor-element elementor-element-2c704d4 elementor-section-boxed elementor-section-height-default elementor-section-height-default\" data-id=\"2c704d4\" data-element_type=\"section\" data-e-type=\"section\">\n\t\t\t\t\t\t<div class=\"elementor-container elementor-column-gap-default\">\n\t\t\t\t\t<div class=\"elementor-column elementor-col-50 elementor-inner-column elementor-element elementor-element-879be74\" data-id=\"879be74\" data-element_type=\"column\" data-e-type=\"column\">\n\t\t\t<div class=\"elementor-widget-wrap elementor-element-populated\">\n\t\t\t\t\t\t<div class=\"elementor-element elementor-element-c49c49c elementor-widget elementor-widget-image\" data-id=\"c49c49c\" data-element_type=\"widget\" data-e-type=\"widget\" data-widget_type=\"image.default\">\n\t\t\t\t<div class=\"elementor-widget-container\">\n\t\t\t\t\t\t\t\t\t\t\t\t\t\t\t\t<a href=\"https:\/\/koelner-filmer.de\/wp-content\/uploads\/2020\/10\/Filmen_mit_Verstand.pdf\">\n\t\t\t\t\t\t\t<img fetchpriority=\"high\" decoding=\"async\" width=\"227\" height=\"389\" src=\"https:\/\/koelner-filmer.de\/wp-content\/uploads\/2020\/10\/Tipps-fur-Filmer-Titelbild-mit-netzangabe-Kopie.jpg\" class=\"attachment-large size-large wp-image-647\" alt=\"\" srcset=\"https:\/\/koelner-filmer.de\/wp-content\/uploads\/2020\/10\/Tipps-fur-Filmer-Titelbild-mit-netzangabe-Kopie.jpg 227w, https:\/\/koelner-filmer.de\/wp-content\/uploads\/2020\/10\/Tipps-fur-Filmer-Titelbild-mit-netzangabe-Kopie-175x300.jpg 175w\" sizes=\"(max-width: 227px) 100vw, 227px\" \/>\t\t\t\t\t\t\t\t<\/a>\n\t\t\t\t\t\t\t\t\t\t\t\t\t\t\t<\/div>\n\t\t\t\t<\/div>\n\t\t\t\t<div class=\"elementor-element elementor-element-5cafe76 elementor-align-center elementor-widget__width-initial elementor-widget elementor-widget-button\" data-id=\"5cafe76\" data-element_type=\"widget\" data-e-type=\"widget\" data-widget_type=\"button.default\">\n\t\t\t\t<div class=\"elementor-widget-container\">\n\t\t\t\t\t\t\t\t\t<div class=\"elementor-button-wrapper\">\n\t\t\t\t\t<a class=\"elementor-button elementor-button-link elementor-size-sm\" href=\"https:\/\/koelner-filmer.de\/wp-content\/uploads\/2020\/10\/Filmen_mit_Verstand.pdf\">\n\t\t\t\t\t\t<span class=\"elementor-button-content-wrapper\">\n\t\t\t\t\t\t\t\t\t<span class=\"elementor-button-text\">PDF-Laden<\/span>\n\t\t\t\t\t<\/span>\n\t\t\t\t\t<\/a>\n\t\t\t\t<\/div>\n\t\t\t\t\t\t\t\t<\/div>\n\t\t\t\t<\/div>\n\t\t\t\t\t<\/div>\n\t\t<\/div>\n\t\t\t\t<div class=\"elementor-column elementor-col-50 elementor-inner-column elementor-element elementor-element-bf7e5fb\" data-id=\"bf7e5fb\" data-element_type=\"column\" data-e-type=\"column\">\n\t\t\t<div class=\"elementor-widget-wrap elementor-element-populated\">\n\t\t\t\t\t\t<div class=\"elementor-element elementor-element-9fb5e0c elementor-widget elementor-widget-text-editor\" data-id=\"9fb5e0c\" data-element_type=\"widget\" data-e-type=\"widget\" data-widget_type=\"text-editor.default\">\n\t\t\t\t<div class=\"elementor-widget-container\">\n\t\t\t\t\t\t\t\t\t<p>Filmen mit Verstand\u00a0\u00a0\u00a0\u00a0\u00a0\u00a0\u00a0\u00a0\u00a0\u00a0 eine Brosch\u00fcre von Rolf H\u00fclsebusch<\/p>\t\t\t\t\t\t\t\t<\/div>\n\t\t\t\t<\/div>\n\t\t\t\t\t<\/div>\n\t\t<\/div>\n\t\t\t\t\t<\/div>\n\t\t<\/section>\n\t\t\t\t\t<\/div>\n\t\t<\/div>\n\t\t\t\t<div class=\"elementor-column elementor-col-33 elementor-top-column elementor-element elementor-element-808c6fc\" data-id=\"808c6fc\" data-element_type=\"column\" data-e-type=\"column\">\n\t\t\t<div class=\"elementor-widget-wrap\">\n\t\t\t\t\t\t\t<\/div>\n\t\t<\/div>\n\t\t\t\t<div class=\"elementor-column elementor-col-33 elementor-top-column elementor-element elementor-element-dab40e4\" data-id=\"dab40e4\" data-element_type=\"column\" data-e-type=\"column\">\n\t\t\t<div class=\"elementor-widget-wrap elementor-element-populated\">\n\t\t\t\t\t\t<section class=\"elementor-section elementor-inner-section elementor-element elementor-element-cc55f8d elementor-section-boxed elementor-section-height-default elementor-section-height-default\" data-id=\"cc55f8d\" data-element_type=\"section\" data-e-type=\"section\">\n\t\t\t\t\t\t<div class=\"elementor-container elementor-column-gap-default\">\n\t\t\t\t\t<div class=\"elementor-column elementor-col-50 elementor-inner-column elementor-element elementor-element-d0cff12\" data-id=\"d0cff12\" data-element_type=\"column\" data-e-type=\"column\">\n\t\t\t<div class=\"elementor-widget-wrap elementor-element-populated\">\n\t\t\t\t\t\t<div class=\"elementor-element elementor-element-3641659 elementor-widget elementor-widget-image\" data-id=\"3641659\" data-element_type=\"widget\" data-e-type=\"widget\" data-widget_type=\"image.default\">\n\t\t\t\t<div class=\"elementor-widget-container\">\n\t\t\t\t\t\t\t\t\t\t\t\t\t\t\t<img decoding=\"async\" width=\"816\" height=\"1080\" src=\"https:\/\/koelner-filmer.de\/wp-content\/uploads\/2026\/03\/LED-Lampen-816x1080.jpg\" class=\"attachment-large size-large wp-image-1505\" alt=\"\" srcset=\"https:\/\/koelner-filmer.de\/wp-content\/uploads\/2026\/03\/LED-Lampen-816x1080.jpg 816w, https:\/\/koelner-filmer.de\/wp-content\/uploads\/2026\/03\/LED-Lampen-227x300.jpg 227w, https:\/\/koelner-filmer.de\/wp-content\/uploads\/2026\/03\/LED-Lampen-768x1016.jpg 768w, https:\/\/koelner-filmer.de\/wp-content\/uploads\/2026\/03\/LED-Lampen-100x132.jpg 100w, https:\/\/koelner-filmer.de\/wp-content\/uploads\/2026\/03\/LED-Lampen.jpg 906w\" sizes=\"(max-width: 816px) 100vw, 816px\" \/>\t\t\t\t\t\t\t\t\t\t\t\t\t\t\t<\/div>\n\t\t\t\t<\/div>\n\t\t\t\t<div class=\"elementor-element elementor-element-f1ec7bb elementor-align-center elementor-widget elementor-widget-button\" data-id=\"f1ec7bb\" data-element_type=\"widget\" data-e-type=\"widget\" data-widget_type=\"button.default\">\n\t\t\t\t<div class=\"elementor-widget-container\">\n\t\t\t\t\t\t\t\t\t<div class=\"elementor-button-wrapper\">\n\t\t\t\t\t<a class=\"elementor-button elementor-button-link elementor-size-sm\" href=\"https:\/\/koelner-filmer.de\/wp-content\/uploads\/2026\/03\/Unterlagen-Workshop-vom-24-03-2026.pdf\">\n\t\t\t\t\t\t<span class=\"elementor-button-content-wrapper\">\n\t\t\t\t\t\t\t\t\t<span class=\"elementor-button-text\">PDF-Laden<\/span>\n\t\t\t\t\t<\/span>\n\t\t\t\t\t<\/a>\n\t\t\t\t<\/div>\n\t\t\t\t\t\t\t\t<\/div>\n\t\t\t\t<\/div>\n\t\t\t\t\t<\/div>\n\t\t<\/div>\n\t\t\t\t<div class=\"elementor-column elementor-col-50 elementor-inner-column elementor-element elementor-element-06a9cc0\" data-id=\"06a9cc0\" data-element_type=\"column\" data-e-type=\"column\">\n\t\t\t<div class=\"elementor-widget-wrap elementor-element-populated\">\n\t\t\t\t\t\t<div class=\"elementor-element elementor-element-a13c2e2 elementor-widget elementor-widget-text-editor\" data-id=\"a13c2e2\" data-element_type=\"widget\" data-e-type=\"widget\" data-widget_type=\"text-editor.default\">\n\t\t\t\t<div class=\"elementor-widget-container\">\n\t\t\t\t\t\t\t\t\t<p>Workshop vom 24.03.2026 (Werbung)<\/p><p>An diesem Abend wurden viele verschiedene LED-Lampen vorgestellt. Diese Lampen<br \/>sind teilweise als Videolicht geeignet. In der PDF-Datei finden sich viele n\u00fctzliche Hinweise.<\/p>\t\t\t\t\t\t\t\t<\/div>\n\t\t\t\t<\/div>\n\t\t\t\t\t<\/div>\n\t\t<\/div>\n\t\t\t\t\t<\/div>\n\t\t<\/section>\n\t\t\t\t\t<\/div>\n\t\t<\/div>\n\t\t\t\t\t<\/div>\n\t\t<\/section>\n\t\t\t\t<section class=\"elementor-section elementor-top-section elementor-element elementor-element-7065477 elementor-section-boxed elementor-section-height-default elementor-section-height-default\" data-id=\"7065477\" data-element_type=\"section\" data-e-type=\"section\">\n\t\t\t\t\t\t<div class=\"elementor-container elementor-column-gap-default\">\n\t\t\t\t\t<div class=\"elementor-column elementor-col-100 elementor-top-column elementor-element elementor-element-0b6a4da\" data-id=\"0b6a4da\" data-element_type=\"column\" data-e-type=\"column\">\n\t\t\t<div class=\"elementor-widget-wrap\">\n\t\t\t\t\t\t\t<\/div>\n\t\t<\/div>\n\t\t\t\t\t<\/div>\n\t\t<\/section>\n\t\t\t\t<section class=\"elementor-section elementor-top-section elementor-element elementor-element-59f89c4 elementor-section-boxed elementor-section-height-default elementor-section-height-default\" data-id=\"59f89c4\" data-element_type=\"section\" data-e-type=\"section\">\n\t\t\t\t\t\t<div class=\"elementor-container elementor-column-gap-default\">\n\t\t\t\t\t<div class=\"elementor-column elementor-col-100 elementor-top-column elementor-element elementor-element-f868cbd\" data-id=\"f868cbd\" data-element_type=\"column\" data-e-type=\"column\">\n\t\t\t<div class=\"elementor-widget-wrap\">\n\t\t\t\t\t\t\t<\/div>\n\t\t<\/div>\n\t\t\t\t\t<\/div>\n\t\t<\/section>\n\t\t\t\t<\/div>\n\t\t","protected":false},"excerpt":{"rendered":"<p>Tipps f\u00fcr Filmer PDF-Laden Filmen mit Verstand\u00a0\u00a0\u00a0\u00a0\u00a0\u00a0\u00a0\u00a0\u00a0\u00a0 eine Brosch\u00fcre von Rolf H\u00fclsebusch PDF-Laden Workshop vom 24.03.2026 (Werbung) An diesem Abend wurden viele verschiedene LED-Lampen vorgestellt. Diese Lampensind teilweise als Videolicht geeignet. In der PDF-Datei finden sich viele n\u00fctzliche Hinweise.<\/p>\n","protected":false},"author":1,"featured_media":0,"parent":0,"menu_order":0,"comment_status":"closed","ping_status":"closed","template":"","meta":{"site-sidebar-layout":"no-sidebar","site-content-layout":"page-builder","ast-site-content-layout":"default","site-content-style":"default","site-sidebar-style":"default","ast-global-header-display":"","ast-banner-title-visibility":"","ast-main-header-display":"","ast-hfb-above-header-display":"","ast-hfb-below-header-display":"","ast-hfb-mobile-header-display":"","site-post-title":"disabled","ast-breadcrumbs-content":"","ast-featured-img":"disabled","footer-sml-layout":"","ast-disable-related-posts":"","theme-transparent-header-meta":"","adv-header-id-meta":"","stick-header-meta":"","header-above-stick-meta":"","header-main-stick-meta":"","header-below-stick-meta":"","astra-migrate-meta-layouts":"default","ast-page-background-enabled":"default","ast-page-background-meta":{"desktop":{"background-color":"","background-image":"","background-repeat":"repeat","background-position":"center center","background-size":"auto","background-attachment":"scroll","background-type":"","background-media":"","overlay-type":"","overlay-color":"","overlay-opacity":"","overlay-gradient":""},"tablet":{"background-color":"","background-image":"","background-repeat":"repeat","background-position":"center center","background-size":"auto","background-attachment":"scroll","background-type":"","background-media":"","overlay-type":"","overlay-color":"","overlay-opacity":"","overlay-gradient":""},"mobile":{"background-color":"","background-image":"","background-repeat":"repeat","background-position":"center center","background-size":"auto","background-attachment":"scroll","background-type":"","background-media":"","overlay-type":"","overlay-color":"","overlay-opacity":"","overlay-gradient":""}},"ast-content-background-meta":{"desktop":{"background-color":"var(--ast-global-color-5)","background-image":"","background-repeat":"repeat","background-position":"center center","background-size":"auto","background-attachment":"scroll","background-type":"","background-media":"","overlay-type":"","overlay-color":"","overlay-opacity":"","overlay-gradient":""},"tablet":{"background-color":"var(--ast-global-color-5)","background-image":"","background-repeat":"repeat","background-position":"center center","background-size":"auto","background-attachment":"scroll","background-type":"","background-media":"","overlay-type":"","overlay-color":"","overlay-opacity":"","overlay-gradient":""},"mobile":{"background-color":"var(--ast-global-color-5)","background-image":"","background-repeat":"repeat","background-position":"center center","background-size":"auto","background-attachment":"scroll","background-type":"","background-media":"","overlay-type":"","overlay-color":"","overlay-opacity":"","overlay-gradient":""}},"footnotes":""},"class_list":["post-639","page","type-page","status-publish","hentry"],"yoast_head":"<!-- This site is optimized with the Yoast SEO plugin v27.5 - https:\/\/yoast.com\/product\/yoast-seo-wordpress\/ -->\n<title>Tipps f\u00fcr Filmer - Club K\u00f6lner Filmer<\/title>\n<meta name=\"robots\" content=\"index, follow, max-snippet:-1, max-image-preview:large, max-video-preview:-1\" \/>\n<link rel=\"canonical\" href=\"https:\/\/koelner-filmer.de\/?page_id=639\" \/>\n<meta property=\"og:locale\" content=\"de_DE\" \/>\n<meta property=\"og:type\" content=\"article\" \/>\n<meta property=\"og:title\" content=\"Tipps f\u00fcr Filmer - Club K\u00f6lner Filmer\" \/>\n<meta property=\"og:description\" content=\"Tipps f\u00fcr Filmer PDF-Laden Filmen mit Verstand\u00a0\u00a0\u00a0\u00a0\u00a0\u00a0\u00a0\u00a0\u00a0\u00a0 eine Brosch\u00fcre von Rolf H\u00fclsebusch PDF-Laden Workshop vom 24.03.2026 (Werbung) An diesem Abend wurden viele verschiedene LED-Lampen vorgestellt. Diese Lampensind teilweise als Videolicht geeignet. In der PDF-Datei finden sich viele n\u00fctzliche Hinweise.\" \/>\n<meta property=\"og:url\" content=\"https:\/\/koelner-filmer.de\/?page_id=639\" \/>\n<meta property=\"og:site_name\" content=\"Club K\u00f6lner Filmer\" \/>\n<meta property=\"article:modified_time\" content=\"2026-03-26T13:52:07+00:00\" \/>\n<meta property=\"og:image\" content=\"https:\/\/koelner-filmer.de\/wp-content\/uploads\/2020\/10\/Tipps-fur-Filmer-Titelbild-mit-netzangabe-Kopie.jpg\" \/>\n\t<meta property=\"og:image:width\" content=\"227\" \/>\n\t<meta property=\"og:image:height\" content=\"389\" \/>\n\t<meta property=\"og:image:type\" content=\"image\/jpeg\" \/>\n<meta name=\"twitter:card\" content=\"summary_large_image\" \/>\n<meta name=\"twitter:label1\" content=\"Gesch\u00e4tzte Lesezeit\" \/>\n\t<meta name=\"twitter:data1\" content=\"1\u00a0Minute\" \/>\n<script type=\"application\/ld+json\" class=\"yoast-schema-graph\">{\"@context\":\"https:\\\/\\\/schema.org\",\"@graph\":[{\"@type\":\"WebPage\",\"@id\":\"https:\\\/\\\/koelner-filmer.de\\\/?page_id=639\",\"url\":\"https:\\\/\\\/koelner-filmer.de\\\/?page_id=639\",\"name\":\"Tipps f\u00fcr Filmer - Club K\u00f6lner Filmer\",\"isPartOf\":{\"@id\":\"https:\\\/\\\/koelner-filmer.de\\\/#website\"},\"primaryImageOfPage\":{\"@id\":\"https:\\\/\\\/koelner-filmer.de\\\/?page_id=639#primaryimage\"},\"image\":{\"@id\":\"https:\\\/\\\/koelner-filmer.de\\\/?page_id=639#primaryimage\"},\"thumbnailUrl\":\"https:\\\/\\\/koelner-filmer.de\\\/wp-content\\\/uploads\\\/2020\\\/10\\\/Tipps-fur-Filmer-Titelbild-mit-netzangabe-Kopie.jpg\",\"datePublished\":\"2020-10-10T13:13:37+00:00\",\"dateModified\":\"2026-03-26T13:52:07+00:00\",\"breadcrumb\":{\"@id\":\"https:\\\/\\\/koelner-filmer.de\\\/?page_id=639#breadcrumb\"},\"inLanguage\":\"de\",\"potentialAction\":[{\"@type\":\"ReadAction\",\"target\":[\"https:\\\/\\\/koelner-filmer.de\\\/?page_id=639\"]}]},{\"@type\":\"ImageObject\",\"inLanguage\":\"de\",\"@id\":\"https:\\\/\\\/koelner-filmer.de\\\/?page_id=639#primaryimage\",\"url\":\"https:\\\/\\\/koelner-filmer.de\\\/wp-content\\\/uploads\\\/2020\\\/10\\\/Tipps-fur-Filmer-Titelbild-mit-netzangabe-Kopie.jpg\",\"contentUrl\":\"https:\\\/\\\/koelner-filmer.de\\\/wp-content\\\/uploads\\\/2020\\\/10\\\/Tipps-fur-Filmer-Titelbild-mit-netzangabe-Kopie.jpg\",\"width\":227,\"height\":389},{\"@type\":\"BreadcrumbList\",\"@id\":\"https:\\\/\\\/koelner-filmer.de\\\/?page_id=639#breadcrumb\",\"itemListElement\":[{\"@type\":\"ListItem\",\"position\":1,\"name\":\"Startseite\",\"item\":\"https:\\\/\\\/koelner-filmer.de\\\/\"},{\"@type\":\"ListItem\",\"position\":2,\"name\":\"Tipps f\u00fcr Filmer\"}]},{\"@type\":\"WebSite\",\"@id\":\"https:\\\/\\\/koelner-filmer.de\\\/#website\",\"url\":\"https:\\\/\\\/koelner-filmer.de\\\/\",\"name\":\"Koelner-filmer.de\",\"description\":\"Lerne mit uns Filme zu machen\",\"publisher\":{\"@id\":\"https:\\\/\\\/koelner-filmer.de\\\/#organization\"},\"potentialAction\":[{\"@type\":\"SearchAction\",\"target\":{\"@type\":\"EntryPoint\",\"urlTemplate\":\"https:\\\/\\\/koelner-filmer.de\\\/?s={search_term_string}\"},\"query-input\":{\"@type\":\"PropertyValueSpecification\",\"valueRequired\":true,\"valueName\":\"search_term_string\"}}],\"inLanguage\":\"de\"},{\"@type\":\"Organization\",\"@id\":\"https:\\\/\\\/koelner-filmer.de\\\/#organization\",\"name\":\"Club K\u00f6lner Filmer e.V.\",\"url\":\"https:\\\/\\\/koelner-filmer.de\\\/\",\"logo\":{\"@type\":\"ImageObject\",\"inLanguage\":\"de\",\"@id\":\"https:\\\/\\\/koelner-filmer.de\\\/#\\\/schema\\\/logo\\\/image\\\/\",\"url\":\"https:\\\/\\\/koelner-filmer.de\\\/wp-content\\\/uploads\\\/2020\\\/10\\\/Koeln.jpg\",\"contentUrl\":\"https:\\\/\\\/koelner-filmer.de\\\/wp-content\\\/uploads\\\/2020\\\/10\\\/Koeln.jpg\",\"width\":1351,\"height\":1474,\"caption\":\"Club K\u00f6lner Filmer e.V.\"},\"image\":{\"@id\":\"https:\\\/\\\/koelner-filmer.de\\\/#\\\/schema\\\/logo\\\/image\\\/\"}}]}<\/script>\n<!-- \/ Yoast SEO plugin. -->","yoast_head_json":{"title":"Tipps f\u00fcr Filmer - Club K\u00f6lner Filmer","robots":{"index":"index","follow":"follow","max-snippet":"max-snippet:-1","max-image-preview":"max-image-preview:large","max-video-preview":"max-video-preview:-1"},"canonical":"https:\/\/koelner-filmer.de\/?page_id=639","og_locale":"de_DE","og_type":"article","og_title":"Tipps f\u00fcr Filmer - Club K\u00f6lner Filmer","og_description":"Tipps f\u00fcr Filmer PDF-Laden Filmen mit Verstand\u00a0\u00a0\u00a0\u00a0\u00a0\u00a0\u00a0\u00a0\u00a0\u00a0 eine Brosch\u00fcre von Rolf H\u00fclsebusch PDF-Laden Workshop vom 24.03.2026 (Werbung) An diesem Abend wurden viele verschiedene LED-Lampen vorgestellt. Diese Lampensind teilweise als Videolicht geeignet. In der PDF-Datei finden sich viele n\u00fctzliche Hinweise.","og_url":"https:\/\/koelner-filmer.de\/?page_id=639","og_site_name":"Club K\u00f6lner Filmer","article_modified_time":"2026-03-26T13:52:07+00:00","og_image":[{"width":227,"height":389,"url":"https:\/\/koelner-filmer.de\/wp-content\/uploads\/2020\/10\/Tipps-fur-Filmer-Titelbild-mit-netzangabe-Kopie.jpg","type":"image\/jpeg"}],"twitter_card":"summary_large_image","twitter_misc":{"Gesch\u00e4tzte Lesezeit":"1\u00a0Minute"},"schema":{"@context":"https:\/\/schema.org","@graph":[{"@type":"WebPage","@id":"https:\/\/koelner-filmer.de\/?page_id=639","url":"https:\/\/koelner-filmer.de\/?page_id=639","name":"Tipps f\u00fcr Filmer - Club K\u00f6lner Filmer","isPartOf":{"@id":"https:\/\/koelner-filmer.de\/#website"},"primaryImageOfPage":{"@id":"https:\/\/koelner-filmer.de\/?page_id=639#primaryimage"},"image":{"@id":"https:\/\/koelner-filmer.de\/?page_id=639#primaryimage"},"thumbnailUrl":"https:\/\/koelner-filmer.de\/wp-content\/uploads\/2020\/10\/Tipps-fur-Filmer-Titelbild-mit-netzangabe-Kopie.jpg","datePublished":"2020-10-10T13:13:37+00:00","dateModified":"2026-03-26T13:52:07+00:00","breadcrumb":{"@id":"https:\/\/koelner-filmer.de\/?page_id=639#breadcrumb"},"inLanguage":"de","potentialAction":[{"@type":"ReadAction","target":["https:\/\/koelner-filmer.de\/?page_id=639"]}]},{"@type":"ImageObject","inLanguage":"de","@id":"https:\/\/koelner-filmer.de\/?page_id=639#primaryimage","url":"https:\/\/koelner-filmer.de\/wp-content\/uploads\/2020\/10\/Tipps-fur-Filmer-Titelbild-mit-netzangabe-Kopie.jpg","contentUrl":"https:\/\/koelner-filmer.de\/wp-content\/uploads\/2020\/10\/Tipps-fur-Filmer-Titelbild-mit-netzangabe-Kopie.jpg","width":227,"height":389},{"@type":"BreadcrumbList","@id":"https:\/\/koelner-filmer.de\/?page_id=639#breadcrumb","itemListElement":[{"@type":"ListItem","position":1,"name":"Startseite","item":"https:\/\/koelner-filmer.de\/"},{"@type":"ListItem","position":2,"name":"Tipps f\u00fcr Filmer"}]},{"@type":"WebSite","@id":"https:\/\/koelner-filmer.de\/#website","url":"https:\/\/koelner-filmer.de\/","name":"Koelner-filmer.de","description":"Lerne mit uns Filme zu machen","publisher":{"@id":"https:\/\/koelner-filmer.de\/#organization"},"potentialAction":[{"@type":"SearchAction","target":{"@type":"EntryPoint","urlTemplate":"https:\/\/koelner-filmer.de\/?s={search_term_string}"},"query-input":{"@type":"PropertyValueSpecification","valueRequired":true,"valueName":"search_term_string"}}],"inLanguage":"de"},{"@type":"Organization","@id":"https:\/\/koelner-filmer.de\/#organization","name":"Club K\u00f6lner Filmer e.V.","url":"https:\/\/koelner-filmer.de\/","logo":{"@type":"ImageObject","inLanguage":"de","@id":"https:\/\/koelner-filmer.de\/#\/schema\/logo\/image\/","url":"https:\/\/koelner-filmer.de\/wp-content\/uploads\/2020\/10\/Koeln.jpg","contentUrl":"https:\/\/koelner-filmer.de\/wp-content\/uploads\/2020\/10\/Koeln.jpg","width":1351,"height":1474,"caption":"Club K\u00f6lner Filmer e.V."},"image":{"@id":"https:\/\/koelner-filmer.de\/#\/schema\/logo\/image\/"}}]}},"_links":{"self":[{"href":"https:\/\/koelner-filmer.de\/index.php?rest_route=\/wp\/v2\/pages\/639","targetHints":{"allow":["GET"]}}],"collection":[{"href":"https:\/\/koelner-filmer.de\/index.php?rest_route=\/wp\/v2\/pages"}],"about":[{"href":"https:\/\/koelner-filmer.de\/index.php?rest_route=\/wp\/v2\/types\/page"}],"author":[{"embeddable":true,"href":"https:\/\/koelner-filmer.de\/index.php?rest_route=\/wp\/v2\/users\/1"}],"replies":[{"embeddable":true,"href":"https:\/\/koelner-filmer.de\/index.php?rest_route=%2Fwp%2Fv2%2Fcomments&post=639"}],"version-history":[{"count":37,"href":"https:\/\/koelner-filmer.de\/index.php?rest_route=\/wp\/v2\/pages\/639\/revisions"}],"predecessor-version":[{"id":1518,"href":"https:\/\/koelner-filmer.de\/index.php?rest_route=\/wp\/v2\/pages\/639\/revisions\/1518"}],"wp:attachment":[{"href":"https:\/\/koelner-filmer.de\/index.php?rest_route=%2Fwp%2Fv2%2Fmedia&parent=639"}],"curies":[{"name":"wp","href":"https:\/\/api.w.org\/{rel}","templated":true}]}}