{"id":458,"date":"2020-10-09T09:50:19","date_gmt":"2020-10-09T09:50:19","guid":{"rendered":"https:\/\/koelner-filmer.de\/?page_id=458"},"modified":"2020-10-20T09:26:15","modified_gmt":"2020-10-20T09:26:15","slug":"impressum","status":"publish","type":"page","link":"https:\/\/koelner-filmer.de\/?page_id=458","title":{"rendered":"Impressum"},"content":{"rendered":"\t\t<div data-elementor-type=\"wp-page\" data-elementor-id=\"458\" class=\"elementor elementor-458\">\n\t\t\t\t\t\t<section class=\"elementor-section elementor-top-section elementor-element elementor-element-7213bef elementor-section-boxed elementor-section-height-default elementor-section-height-default\" data-id=\"7213bef\" data-element_type=\"section\" data-e-type=\"section\" data-settings=\"{&quot;background_background&quot;:&quot;classic&quot;}\">\n\t\t\t\t\t\t<div class=\"elementor-container elementor-column-gap-default\">\n\t\t\t\t\t<div class=\"elementor-column elementor-col-100 elementor-top-column elementor-element elementor-element-b3ddc81\" data-id=\"b3ddc81\" data-element_type=\"column\" data-e-type=\"column\">\n\t\t\t<div class=\"elementor-widget-wrap elementor-element-populated\">\n\t\t\t\t\t\t<section class=\"elementor-section elementor-inner-section elementor-element elementor-element-bdc0c7c elementor-section-boxed elementor-section-height-default elementor-section-height-default\" data-id=\"bdc0c7c\" data-element_type=\"section\" data-e-type=\"section\">\n\t\t\t\t\t\t<div class=\"elementor-container elementor-column-gap-default\">\n\t\t\t\t\t<div class=\"elementor-column elementor-col-50 elementor-inner-column elementor-element elementor-element-80e55fa\" data-id=\"80e55fa\" data-element_type=\"column\" data-e-type=\"column\">\n\t\t\t<div class=\"elementor-widget-wrap elementor-element-populated\">\n\t\t\t\t\t\t<div class=\"elementor-element elementor-element-2ae11f4 elementor-widget elementor-widget-heading\" data-id=\"2ae11f4\" data-element_type=\"widget\" data-e-type=\"widget\" data-widget_type=\"heading.default\">\n\t\t\t\t<div class=\"elementor-widget-container\">\n\t\t\t\t\t<h3 class=\"elementor-heading-title elementor-size-default\">Impressum<\/h3>\t\t\t\t<\/div>\n\t\t\t\t<\/div>\n\t\t\t\t<div class=\"elementor-element elementor-element-ed04338 elementor-widget elementor-widget-text-editor\" data-id=\"ed04338\" data-element_type=\"widget\" data-e-type=\"widget\" data-widget_type=\"text-editor.default\">\n\t\t\t\t<div class=\"elementor-widget-container\">\n\t\t\t\t\t\t\t\t\t<p>&nbsp; Angaben gem\u00e4\u00df \u00a7 5 TMG:<\/p>\n<p>&nbsp; Club K\u00f6lner Filmer e.V.<br>&nbsp; Steinstrasse 10<br>&nbsp; 51429 Bergisch Gladbach<\/p>\n<p>&nbsp; Vertreten durch:<\/p>\n<p>&nbsp; Antoni Skorniewski&nbsp;(1. Vorsitzender)<br>&nbsp; Steinstrasse 10<br>&nbsp; 51429 Bergisch Gladbach<\/p>\n<p>&nbsp; Kontakt:<\/p>\n<p>&nbsp; Telefon: 02204 917778<\/p>\n<p>&nbsp; Mobil:&nbsp; 01722938449<\/p>\n<p>&nbsp; E-Mail: askor@skorfilm.de<\/p>\n<p>&nbsp; Verantwortlich f\u00fcr den Inhalt nach \u00a7 55 Abs. 2&nbsp; RStV:<\/p>\n<p>&nbsp; Antoni Skorniewski&nbsp;(1. Vorsitzender)<br>&nbsp; Steinstrasse 10<br>&nbsp; 51429 Bergisch Gladbach<\/p>\n<p>&nbsp; <br><\/p>\t\t\t\t\t\t\t\t<\/div>\n\t\t\t\t<\/div>\n\t\t\t\t\t<\/div>\n\t\t<\/div>\n\t\t\t\t<div class=\"elementor-column elementor-col-50 elementor-inner-column elementor-element elementor-element-d4fbce2\" data-id=\"d4fbce2\" data-element_type=\"column\" data-e-type=\"column\">\n\t\t\t<div class=\"elementor-widget-wrap\">\n\t\t\t\t\t\t\t<\/div>\n\t\t<\/div>\n\t\t\t\t\t<\/div>\n\t\t<\/section>\n\t\t\t\t\t<\/div>\n\t\t<\/div>\n\t\t\t\t\t<\/div>\n\t\t<\/section>\n\t\t\t\t<\/div>\n\t\t","protected":false},"excerpt":{"rendered":"<p>Impressum &nbsp; Angaben gem\u00e4\u00df \u00a7 5 TMG: &nbsp; Club K\u00f6lner Filmer e.V.&nbsp; Steinstrasse 10&nbsp; 51429 Bergisch Gladbach &nbsp; Vertreten durch: &nbsp; Antoni Skorniewski&nbsp;(1. Vorsitzender)&nbsp; Steinstrasse 10&nbsp; 51429 Bergisch Gladbach &nbsp; Kontakt: &nbsp; Telefon: 02204 917778 &nbsp; Mobil:&nbsp; 01722938449 &nbsp; E-Mail: askor@skorfilm.de &nbsp; Verantwortlich f\u00fcr den Inhalt nach \u00a7 55 Abs. 2&nbsp; RStV: &nbsp; Antoni Skorniewski&nbsp;(1. [&hellip;]<\/p>\n","protected":false},"author":1,"featured_media":0,"parent":0,"menu_order":0,"comment_status":"closed","ping_status":"closed","template":"","meta":{"site-sidebar-layout":"no-sidebar","site-content-layout":"page-builder","ast-site-content-layout":"default","site-content-style":"default","site-sidebar-style":"default","ast-global-header-display":"","ast-banner-title-visibility":"","ast-main-header-display":"","ast-hfb-above-header-display":"","ast-hfb-below-header-display":"","ast-hfb-mobile-header-display":"","site-post-title":"disabled","ast-breadcrumbs-content":"","ast-featured-img":"disabled","footer-sml-layout":"","ast-disable-related-posts":"","theme-transparent-header-meta":"default","adv-header-id-meta":"","stick-header-meta":"","header-above-stick-meta":"","header-main-stick-meta":"","header-below-stick-meta":"","astra-migrate-meta-layouts":"default","ast-page-background-enabled":"default","ast-page-background-meta":{"desktop":{"background-color":"","background-image":"","background-repeat":"repeat","background-position":"center center","background-size":"auto","background-attachment":"scroll","background-type":"","background-media":"","overlay-type":"","overlay-color":"","overlay-opacity":"","overlay-gradient":""},"tablet":{"background-color":"","background-image":"","background-repeat":"repeat","background-position":"center center","background-size":"auto","background-attachment":"scroll","background-type":"","background-media":"","overlay-type":"","overlay-color":"","overlay-opacity":"","overlay-gradient":""},"mobile":{"background-color":"","background-image":"","background-repeat":"repeat","background-position":"center center","background-size":"auto","background-attachment":"scroll","background-type":"","background-media":"","overlay-type":"","overlay-color":"","overlay-opacity":"","overlay-gradient":""}},"ast-content-background-meta":{"desktop":{"background-color":"var(--ast-global-color-5)","background-image":"","background-repeat":"repeat","background-position":"center center","background-size":"auto","background-attachment":"scroll","background-type":"","background-media":"","overlay-type":"","overlay-color":"","overlay-opacity":"","overlay-gradient":""},"tablet":{"background-color":"var(--ast-global-color-5)","background-image":"","background-repeat":"repeat","background-position":"center center","background-size":"auto","background-attachment":"scroll","background-type":"","background-media":"","overlay-type":"","overlay-color":"","overlay-opacity":"","overlay-gradient":""},"mobile":{"background-color":"var(--ast-global-color-5)","background-image":"","background-repeat":"repeat","background-position":"center center","background-size":"auto","background-attachment":"scroll","background-type":"","background-media":"","overlay-type":"","overlay-color":"","overlay-opacity":"","overlay-gradient":""}},"footnotes":""},"class_list":["post-458","page","type-page","status-publish","hentry"],"yoast_head":"<!-- This site is optimized with the Yoast SEO plugin v27.5 - https:\/\/yoast.com\/product\/yoast-seo-wordpress\/ -->\n<title>Impressum - Club K\u00f6lner Filmer<\/title>\n<meta name=\"robots\" content=\"index, follow, max-snippet:-1, max-image-preview:large, max-video-preview:-1\" \/>\n<link rel=\"canonical\" href=\"https:\/\/koelner-filmer.de\/?page_id=458\" \/>\n<meta property=\"og:locale\" content=\"de_DE\" \/>\n<meta property=\"og:type\" content=\"article\" \/>\n<meta property=\"og:title\" content=\"Impressum - Club K\u00f6lner Filmer\" \/>\n<meta property=\"og:description\" content=\"Impressum &nbsp; Angaben gem\u00e4\u00df \u00a7 5 TMG: &nbsp; Club K\u00f6lner Filmer e.V.&nbsp; Steinstrasse 10&nbsp; 51429 Bergisch Gladbach &nbsp; Vertreten durch: &nbsp; Antoni Skorniewski&nbsp;(1. Vorsitzender)&nbsp; Steinstrasse 10&nbsp; 51429 Bergisch Gladbach &nbsp; Kontakt: &nbsp; Telefon: 02204 917778 &nbsp; Mobil:&nbsp; 01722938449 &nbsp; E-Mail: askor@skorfilm.de &nbsp; Verantwortlich f\u00fcr den Inhalt nach \u00a7 55 Abs. 2&nbsp; RStV: &nbsp; Antoni Skorniewski&nbsp;(1. [&hellip;]\" \/>\n<meta property=\"og:url\" content=\"https:\/\/koelner-filmer.de\/?page_id=458\" \/>\n<meta property=\"og:site_name\" content=\"Club K\u00f6lner Filmer\" \/>\n<meta property=\"article:modified_time\" content=\"2020-10-20T09:26:15+00:00\" \/>\n<meta name=\"twitter:card\" content=\"summary_large_image\" \/>\n<script type=\"application\/ld+json\" class=\"yoast-schema-graph\">{\"@context\":\"https:\\\/\\\/schema.org\",\"@graph\":[{\"@type\":\"WebPage\",\"@id\":\"https:\\\/\\\/koelner-filmer.de\\\/?page_id=458\",\"url\":\"https:\\\/\\\/koelner-filmer.de\\\/?page_id=458\",\"name\":\"Impressum - Club K\u00f6lner Filmer\",\"isPartOf\":{\"@id\":\"https:\\\/\\\/koelner-filmer.de\\\/#website\"},\"datePublished\":\"2020-10-09T09:50:19+00:00\",\"dateModified\":\"2020-10-20T09:26:15+00:00\",\"breadcrumb\":{\"@id\":\"https:\\\/\\\/koelner-filmer.de\\\/?page_id=458#breadcrumb\"},\"inLanguage\":\"de\",\"potentialAction\":[{\"@type\":\"ReadAction\",\"target\":[\"https:\\\/\\\/koelner-filmer.de\\\/?page_id=458\"]}]},{\"@type\":\"BreadcrumbList\",\"@id\":\"https:\\\/\\\/koelner-filmer.de\\\/?page_id=458#breadcrumb\",\"itemListElement\":[{\"@type\":\"ListItem\",\"position\":1,\"name\":\"Startseite\",\"item\":\"https:\\\/\\\/koelner-filmer.de\\\/\"},{\"@type\":\"ListItem\",\"position\":2,\"name\":\"Impressum\"}]},{\"@type\":\"WebSite\",\"@id\":\"https:\\\/\\\/koelner-filmer.de\\\/#website\",\"url\":\"https:\\\/\\\/koelner-filmer.de\\\/\",\"name\":\"Koelner-filmer.de\",\"description\":\"Lerne mit uns Filme zu machen\",\"publisher\":{\"@id\":\"https:\\\/\\\/koelner-filmer.de\\\/#organization\"},\"potentialAction\":[{\"@type\":\"SearchAction\",\"target\":{\"@type\":\"EntryPoint\",\"urlTemplate\":\"https:\\\/\\\/koelner-filmer.de\\\/?s={search_term_string}\"},\"query-input\":{\"@type\":\"PropertyValueSpecification\",\"valueRequired\":true,\"valueName\":\"search_term_string\"}}],\"inLanguage\":\"de\"},{\"@type\":\"Organization\",\"@id\":\"https:\\\/\\\/koelner-filmer.de\\\/#organization\",\"name\":\"Club K\u00f6lner Filmer e.V.\",\"url\":\"https:\\\/\\\/koelner-filmer.de\\\/\",\"logo\":{\"@type\":\"ImageObject\",\"inLanguage\":\"de\",\"@id\":\"https:\\\/\\\/koelner-filmer.de\\\/#\\\/schema\\\/logo\\\/image\\\/\",\"url\":\"https:\\\/\\\/koelner-filmer.de\\\/wp-content\\\/uploads\\\/2020\\\/10\\\/Koeln.jpg\",\"contentUrl\":\"https:\\\/\\\/koelner-filmer.de\\\/wp-content\\\/uploads\\\/2020\\\/10\\\/Koeln.jpg\",\"width\":1351,\"height\":1474,\"caption\":\"Club K\u00f6lner Filmer e.V.\"},\"image\":{\"@id\":\"https:\\\/\\\/koelner-filmer.de\\\/#\\\/schema\\\/logo\\\/image\\\/\"}}]}<\/script>\n<!-- \/ Yoast SEO plugin. -->","yoast_head_json":{"title":"Impressum - Club K\u00f6lner Filmer","robots":{"index":"index","follow":"follow","max-snippet":"max-snippet:-1","max-image-preview":"max-image-preview:large","max-video-preview":"max-video-preview:-1"},"canonical":"https:\/\/koelner-filmer.de\/?page_id=458","og_locale":"de_DE","og_type":"article","og_title":"Impressum - Club K\u00f6lner Filmer","og_description":"Impressum &nbsp; Angaben gem\u00e4\u00df \u00a7 5 TMG: &nbsp; Club K\u00f6lner Filmer e.V.&nbsp; Steinstrasse 10&nbsp; 51429 Bergisch Gladbach &nbsp; Vertreten durch: &nbsp; Antoni Skorniewski&nbsp;(1. Vorsitzender)&nbsp; Steinstrasse 10&nbsp; 51429 Bergisch Gladbach &nbsp; Kontakt: &nbsp; Telefon: 02204 917778 &nbsp; Mobil:&nbsp; 01722938449 &nbsp; E-Mail: askor@skorfilm.de &nbsp; Verantwortlich f\u00fcr den Inhalt nach \u00a7 55 Abs. 2&nbsp; RStV: &nbsp; Antoni Skorniewski&nbsp;(1. [&hellip;]","og_url":"https:\/\/koelner-filmer.de\/?page_id=458","og_site_name":"Club K\u00f6lner Filmer","article_modified_time":"2020-10-20T09:26:15+00:00","twitter_card":"summary_large_image","schema":{"@context":"https:\/\/schema.org","@graph":[{"@type":"WebPage","@id":"https:\/\/koelner-filmer.de\/?page_id=458","url":"https:\/\/koelner-filmer.de\/?page_id=458","name":"Impressum - Club K\u00f6lner Filmer","isPartOf":{"@id":"https:\/\/koelner-filmer.de\/#website"},"datePublished":"2020-10-09T09:50:19+00:00","dateModified":"2020-10-20T09:26:15+00:00","breadcrumb":{"@id":"https:\/\/koelner-filmer.de\/?page_id=458#breadcrumb"},"inLanguage":"de","potentialAction":[{"@type":"ReadAction","target":["https:\/\/koelner-filmer.de\/?page_id=458"]}]},{"@type":"BreadcrumbList","@id":"https:\/\/koelner-filmer.de\/?page_id=458#breadcrumb","itemListElement":[{"@type":"ListItem","position":1,"name":"Startseite","item":"https:\/\/koelner-filmer.de\/"},{"@type":"ListItem","position":2,"name":"Impressum"}]},{"@type":"WebSite","@id":"https:\/\/koelner-filmer.de\/#website","url":"https:\/\/koelner-filmer.de\/","name":"Koelner-filmer.de","description":"Lerne mit uns Filme zu machen","publisher":{"@id":"https:\/\/koelner-filmer.de\/#organization"},"potentialAction":[{"@type":"SearchAction","target":{"@type":"EntryPoint","urlTemplate":"https:\/\/koelner-filmer.de\/?s={search_term_string}"},"query-input":{"@type":"PropertyValueSpecification","valueRequired":true,"valueName":"search_term_string"}}],"inLanguage":"de"},{"@type":"Organization","@id":"https:\/\/koelner-filmer.de\/#organization","name":"Club K\u00f6lner Filmer e.V.","url":"https:\/\/koelner-filmer.de\/","logo":{"@type":"ImageObject","inLanguage":"de","@id":"https:\/\/koelner-filmer.de\/#\/schema\/logo\/image\/","url":"https:\/\/koelner-filmer.de\/wp-content\/uploads\/2020\/10\/Koeln.jpg","contentUrl":"https:\/\/koelner-filmer.de\/wp-content\/uploads\/2020\/10\/Koeln.jpg","width":1351,"height":1474,"caption":"Club K\u00f6lner Filmer e.V."},"image":{"@id":"https:\/\/koelner-filmer.de\/#\/schema\/logo\/image\/"}}]}},"_links":{"self":[{"href":"https:\/\/koelner-filmer.de\/index.php?rest_route=\/wp\/v2\/pages\/458","targetHints":{"allow":["GET"]}}],"collection":[{"href":"https:\/\/koelner-filmer.de\/index.php?rest_route=\/wp\/v2\/pages"}],"about":[{"href":"https:\/\/koelner-filmer.de\/index.php?rest_route=\/wp\/v2\/types\/page"}],"author":[{"embeddable":true,"href":"https:\/\/koelner-filmer.de\/index.php?rest_route=\/wp\/v2\/users\/1"}],"replies":[{"embeddable":true,"href":"https:\/\/koelner-filmer.de\/index.php?rest_route=%2Fwp%2Fv2%2Fcomments&post=458"}],"version-history":[{"count":6,"href":"https:\/\/koelner-filmer.de\/index.php?rest_route=\/wp\/v2\/pages\/458\/revisions"}],"predecessor-version":[{"id":850,"href":"https:\/\/koelner-filmer.de\/index.php?rest_route=\/wp\/v2\/pages\/458\/revisions\/850"}],"wp:attachment":[{"href":"https:\/\/koelner-filmer.de\/index.php?rest_route=%2Fwp%2Fv2%2Fmedia&parent=458"}],"curies":[{"name":"wp","href":"https:\/\/api.w.org\/{rel}","templated":true}]}}