{"id":433,"date":"2020-10-08T20:09:05","date_gmt":"2020-10-08T20:09:05","guid":{"rendered":"https:\/\/koelner-filmer.de\/?page_id=433"},"modified":"2020-10-17T14:58:46","modified_gmt":"2020-10-17T14:58:46","slug":"kontakt","status":"publish","type":"page","link":"https:\/\/koelner-filmer.de\/?page_id=433","title":{"rendered":"Kontakt"},"content":{"rendered":"\t\t<div data-elementor-type=\"wp-page\" data-elementor-id=\"433\" class=\"elementor elementor-433\">\n\t\t\t\t\t\t<section class=\"elementor-section elementor-top-section elementor-element elementor-element-76be2a8 elementor-section-boxed elementor-section-height-default elementor-section-height-default\" data-id=\"76be2a8\" data-element_type=\"section\" data-e-type=\"section\" data-settings=\"{&quot;background_background&quot;:&quot;classic&quot;}\">\n\t\t\t\t\t\t<div class=\"elementor-container elementor-column-gap-default\">\n\t\t\t\t\t<div class=\"elementor-column elementor-col-100 elementor-top-column elementor-element elementor-element-22f959e\" data-id=\"22f959e\" data-element_type=\"column\" data-e-type=\"column\">\n\t\t\t<div class=\"elementor-widget-wrap elementor-element-populated\">\n\t\t\t\t\t\t<div class=\"elementor-element elementor-element-1e88726 elementor-widget elementor-widget-heading\" data-id=\"1e88726\" data-element_type=\"widget\" data-e-type=\"widget\" data-widget_type=\"heading.default\">\n\t\t\t\t<div class=\"elementor-widget-container\">\n\t\t\t\t\t<h2 class=\"elementor-heading-title elementor-size-default\">Sag Hallo<\/h2>\t\t\t\t<\/div>\n\t\t\t\t<\/div>\n\t\t\t\t\t<\/div>\n\t\t<\/div>\n\t\t\t\t\t<\/div>\n\t\t<\/section>\n\t\t\t\t<section class=\"elementor-section elementor-top-section elementor-element elementor-element-92deb2e elementor-section-boxed elementor-section-height-default elementor-section-height-default\" data-id=\"92deb2e\" data-element_type=\"section\" data-e-type=\"section\" data-settings=\"{&quot;background_background&quot;:&quot;classic&quot;}\">\n\t\t\t\t\t\t<div class=\"elementor-container elementor-column-gap-default\">\n\t\t\t\t\t<div class=\"elementor-column elementor-col-100 elementor-top-column elementor-element elementor-element-9f30302\" data-id=\"9f30302\" data-element_type=\"column\" data-e-type=\"column\">\n\t\t\t<div class=\"elementor-widget-wrap elementor-element-populated\">\n\t\t\t\t\t\t<section class=\"elementor-section elementor-inner-section elementor-element elementor-element-a3a57c2 elementor-section-boxed elementor-section-height-default elementor-section-height-default\" data-id=\"a3a57c2\" data-element_type=\"section\" data-e-type=\"section\">\n\t\t\t\t\t\t<div class=\"elementor-container elementor-column-gap-default\">\n\t\t\t\t\t<div class=\"elementor-column elementor-col-50 elementor-inner-column elementor-element elementor-element-32300b8\" data-id=\"32300b8\" data-element_type=\"column\" data-e-type=\"column\">\n\t\t\t<div class=\"elementor-widget-wrap elementor-element-populated\">\n\t\t\t\t\t\t<div class=\"elementor-element elementor-element-93d354e elementor-widget__width-initial elementor-absolute elementor-widget elementor-widget-text-editor\" data-id=\"93d354e\" data-element_type=\"widget\" data-e-type=\"widget\" data-settings=\"{&quot;_position&quot;:&quot;absolute&quot;}\" data-widget_type=\"text-editor.default\">\n\t\t\t\t<div class=\"elementor-widget-container\">\n\t\t\t\t\t\t\t\t\t<p>B\u00dcRGERHAUs K\u00d6LN-ZOLLSTOCK<\/p><p>Club K\u00f6lner Filmer e.V. <\/p><p>Rosenzweigweg 1<\/p><p>50969 K\u00f6ln<\/p><p>\u00a0<\/p>\t\t\t\t\t\t\t\t<\/div>\n\t\t\t\t<\/div>\n\t\t\t\t<div class=\"elementor-element elementor-element-9bb1a9c elementor-absolute elementor-widget elementor-widget-heading\" data-id=\"9bb1a9c\" data-element_type=\"widget\" data-e-type=\"widget\" data-settings=\"{&quot;_position&quot;:&quot;absolute&quot;}\" data-widget_type=\"heading.default\">\n\t\t\t\t<div class=\"elementor-widget-container\">\n\t\t\t\t\t<h3 class=\"elementor-heading-title elementor-size-default\">Schreib uns eine Nachricht:<\/h3>\t\t\t\t<\/div>\n\t\t\t\t<\/div>\n\t\t\t\t<div class=\"elementor-element elementor-element-e7e4699 elementor-widget elementor-widget-spacer\" data-id=\"e7e4699\" data-element_type=\"widget\" data-e-type=\"widget\" data-widget_type=\"spacer.default\">\n\t\t\t\t<div class=\"elementor-widget-container\">\n\t\t\t\t\t\t\t<div class=\"elementor-spacer\">\n\t\t\t<div class=\"elementor-spacer-inner\"><\/div>\n\t\t<\/div>\n\t\t\t\t\t\t<\/div>\n\t\t\t\t<\/div>\n\t\t\t\t<div class=\"elementor-element elementor-element-5603d4d elementor-widget elementor-widget-spacer\" data-id=\"5603d4d\" data-element_type=\"widget\" data-e-type=\"widget\" data-widget_type=\"spacer.default\">\n\t\t\t\t<div class=\"elementor-widget-container\">\n\t\t\t\t\t\t\t<div class=\"elementor-spacer\">\n\t\t\t<div class=\"elementor-spacer-inner\"><\/div>\n\t\t<\/div>\n\t\t\t\t\t\t<\/div>\n\t\t\t\t<\/div>\n\t\t\t\t<div class=\"elementor-element elementor-element-2e0d998 elementor-widget elementor-widget-spacer\" data-id=\"2e0d998\" data-element_type=\"widget\" data-e-type=\"widget\" data-widget_type=\"spacer.default\">\n\t\t\t\t<div class=\"elementor-widget-container\">\n\t\t\t\t\t\t\t<div class=\"elementor-spacer\">\n\t\t\t<div class=\"elementor-spacer-inner\"><\/div>\n\t\t<\/div>\n\t\t\t\t\t\t<\/div>\n\t\t\t\t<\/div>\n\t\t\t\t\t<\/div>\n\t\t<\/div>\n\t\t\t\t<div class=\"elementor-column elementor-col-50 elementor-inner-column elementor-element elementor-element-9db3e11\" data-id=\"9db3e11\" data-element_type=\"column\" data-e-type=\"column\">\n\t\t\t<div class=\"elementor-widget-wrap elementor-element-populated\">\n\t\t\t\t\t\t<div class=\"elementor-element elementor-element-a8cad58 elementor-widget elementor-widget-heading\" data-id=\"a8cad58\" data-element_type=\"widget\" data-e-type=\"widget\" data-widget_type=\"heading.default\">\n\t\t\t\t<div class=\"elementor-widget-container\">\n\t\t\t\t\t<h2 class=\"elementor-heading-title elementor-size-xxl\">Kontakt<\/h2>\t\t\t\t<\/div>\n\t\t\t\t<\/div>\n\t\t\t\t<div class=\"elementor-element elementor-element-9eef042 elementor-widget elementor-widget-wpforms\" data-id=\"9eef042\" data-element_type=\"widget\" data-e-type=\"widget\" data-widget_type=\"wpforms.default\">\n\t\t\t\t<div class=\"elementor-widget-container\">\n\t\t\t\t\t<div class=\"wpforms-container \" id=\"wpforms-26\"><form id=\"wpforms-form-26\" class=\"wpforms-validate wpforms-form\" data-formid=\"26\" method=\"post\" enctype=\"multipart\/form-data\" action=\"\/index.php?rest_route=%2Fwp%2Fv2%2Fpages%2F433\" data-token=\"a6321f43cab2c8ebe1b812061c1a36e6\" data-token-time=\"1777143925\"><noscript class=\"wpforms-error-noscript\">Bitte aktiviere JavaScript in deinem Browser, um dieses Formular fertigzustellen.<\/noscript><div class=\"wpforms-field-container\"><div id=\"wpforms-26-field_0-container\" class=\"wpforms-field wpforms-field-name\" data-field-id=\"0\"><label class=\"wpforms-field-label\" for=\"wpforms-26-field_0\">Dein Name <span class=\"wpforms-required-label\">*<\/span><\/label><input type=\"text\" id=\"wpforms-26-field_0\" class=\"wpforms-field-large wpforms-field-required\" name=\"wpforms[fields][0]\" required><\/div><div id=\"wpforms-26-field_1-container\" class=\"wpforms-field wpforms-field-email\" data-field-id=\"1\"><label class=\"wpforms-field-label\" for=\"wpforms-26-field_1\">Deine Email-Adresse <span class=\"wpforms-required-label\">*<\/span><\/label><input type=\"email\" id=\"wpforms-26-field_1\" class=\"wpforms-field-large wpforms-field-required\" name=\"wpforms[fields][1]\" spellcheck=\"false\" required><\/div><div id=\"wpforms-26-field_4-container\" class=\"wpforms-field wpforms-field-text\" data-field-id=\"4\"><label class=\"wpforms-field-label\" for=\"wpforms-26-field_4\">Telefonnummer<\/label><input type=\"text\" id=\"wpforms-26-field_4\" class=\"wpforms-field-medium\" name=\"wpforms[fields][4]\" ><\/div><div id=\"wpforms-26-field_3-container\" class=\"wpforms-field wpforms-field-text\" data-field-id=\"3\"><label class=\"wpforms-field-label\" for=\"wpforms-26-field_3\">Titel <span class=\"wpforms-required-label\">*<\/span><\/label><input type=\"text\" id=\"wpforms-26-field_3\" class=\"wpforms-field-large wpforms-field-required\" name=\"wpforms[fields][3]\" required><\/div><div id=\"wpforms-26-field_2-container\" class=\"wpforms-field wpforms-field-textarea\" data-field-id=\"2\"><label class=\"wpforms-field-label\" for=\"wpforms-26-field_2\">Dein Text <span class=\"wpforms-required-label\">*<\/span><\/label><textarea id=\"wpforms-26-field_2\" class=\"wpforms-field-large wpforms-field-required\" name=\"wpforms[fields][2]\" required><\/textarea><\/div><\/div><!-- .wpforms-field-container --><div class=\"wpforms-field wpforms-field-hp\"><label for=\"wpforms-26-field-hp\" class=\"wpforms-field-label\">Comment<\/label><input type=\"text\" name=\"wpforms[hp]\" id=\"wpforms-26-field-hp\" class=\"wpforms-field-medium\"><\/div><div class=\"wpforms-recaptcha-container wpforms-is-recaptcha wpforms-is-recaptcha-type-invisible\" ><div class=\"g-recaptcha\" data-sitekey=\"6LfPBdgZAAAAAJfd4Kv38_Y6VjBmOut7FQL-lSfy\" data-size=\"invisible\"><\/div><\/div><div class=\"wpforms-submit-container\" ><input type=\"hidden\" name=\"wpforms[id]\" value=\"26\"><input type=\"hidden\" name=\"page_title\" value=\"\"><input type=\"hidden\" name=\"page_url\" value=\"https:\/\/koelner-filmer.de\/index.php?rest_route=\/wp\/v2\/pages\/433\"><input type=\"hidden\" name=\"url_referer\" value=\"\"><button type=\"submit\" name=\"wpforms[submit]\" id=\"wpforms-submit-26\" class=\"wpforms-submit\" data-alt-text=\"Gesendet...\" data-submit-text=\"Senden\" aria-live=\"assertive\" value=\"wpforms-submit\">Senden<\/button><\/div><\/form><\/div>  <!-- .wpforms-container -->\t\t\t\t<\/div>\n\t\t\t\t<\/div>\n\t\t\t\t\t<\/div>\n\t\t<\/div>\n\t\t\t\t\t<\/div>\n\t\t<\/section>\n\t\t\t\t<div class=\"elementor-element elementor-element-5a330bc elementor-widget elementor-widget-spacer\" data-id=\"5a330bc\" data-element_type=\"widget\" data-e-type=\"widget\" data-widget_type=\"spacer.default\">\n\t\t\t\t<div class=\"elementor-widget-container\">\n\t\t\t\t\t\t\t<div class=\"elementor-spacer\">\n\t\t\t<div class=\"elementor-spacer-inner\"><\/div>\n\t\t<\/div>\n\t\t\t\t\t\t<\/div>\n\t\t\t\t<\/div>\n\t\t\t\t\t<\/div>\n\t\t<\/div>\n\t\t\t\t\t<\/div>\n\t\t<\/section>\n\t\t\t\t<section class=\"elementor-section elementor-top-section elementor-element elementor-element-1d25753 elementor-section-boxed elementor-section-height-default elementor-section-height-default\" data-id=\"1d25753\" data-element_type=\"section\" data-e-type=\"section\" data-settings=\"{&quot;background_background&quot;:&quot;classic&quot;}\">\n\t\t\t\t\t\t<div class=\"elementor-container elementor-column-gap-default\">\n\t\t\t\t\t<div class=\"elementor-column elementor-col-100 elementor-top-column elementor-element elementor-element-2ff3ad9\" data-id=\"2ff3ad9\" data-element_type=\"column\" data-e-type=\"column\">\n\t\t\t<div class=\"elementor-widget-wrap elementor-element-populated\">\n\t\t\t\t\t\t<div class=\"elementor-element elementor-element-71d7ff4 elementor-widget elementor-widget-google_maps\" data-id=\"71d7ff4\" data-element_type=\"widget\" data-e-type=\"widget\" data-widget_type=\"google_maps.default\">\n\t\t\t\t<div class=\"elementor-widget-container\">\n\t\t\t\t\t\t\t<div class=\"elementor-custom-embed\">\n\t\t\t<iframe loading=\"lazy\"\n\t\t\t\t\tsrc=\"https:\/\/maps.google.com\/maps?q=Club%20K%C3%B6lner%20Filmer%20e.V.&#038;t=m&#038;z=13&#038;output=embed&#038;iwloc=near\"\n\t\t\t\t\ttitle=\"Club K\u00f6lner Filmer e.V.\"\n\t\t\t\t\taria-label=\"Club K\u00f6lner Filmer e.V.\"\n\t\t\t><\/iframe>\n\t\t<\/div>\n\t\t\t\t\t\t<\/div>\n\t\t\t\t<\/div>\n\t\t\t\t\t<\/div>\n\t\t<\/div>\n\t\t\t\t\t<\/div>\n\t\t<\/section>\n\t\t\t\t<\/div>\n\t\t","protected":false},"excerpt":{"rendered":"<p>Sag Hallo B\u00dcRGERHAUs K\u00d6LN-ZOLLSTOCK Club K\u00f6lner Filmer e.V. Rosenzweigweg 1 50969 K\u00f6ln \u00a0 Schreib uns eine Nachricht: Kontakt<\/p>\n","protected":false},"author":1,"featured_media":0,"parent":0,"menu_order":0,"comment_status":"closed","ping_status":"closed","template":"","meta":{"site-sidebar-layout":"no-sidebar","site-content-layout":"page-builder","ast-site-content-layout":"default","site-content-style":"default","site-sidebar-style":"default","ast-global-header-display":"","ast-banner-title-visibility":"","ast-main-header-display":"","ast-hfb-above-header-display":"","ast-hfb-below-header-display":"","ast-hfb-mobile-header-display":"","site-post-title":"disabled","ast-breadcrumbs-content":"","ast-featured-img":"disabled","footer-sml-layout":"","ast-disable-related-posts":"","theme-transparent-header-meta":"default","adv-header-id-meta":"","stick-header-meta":"","header-above-stick-meta":"","header-main-stick-meta":"","header-below-stick-meta":"","astra-migrate-meta-layouts":"default","ast-page-background-enabled":"default","ast-page-background-meta":{"desktop":{"background-color":"","background-image":"","background-repeat":"repeat","background-position":"center center","background-size":"auto","background-attachment":"scroll","background-type":"","background-media":"","overlay-type":"","overlay-color":"","overlay-opacity":"","overlay-gradient":""},"tablet":{"background-color":"","background-image":"","background-repeat":"repeat","background-position":"center center","background-size":"auto","background-attachment":"scroll","background-type":"","background-media":"","overlay-type":"","overlay-color":"","overlay-opacity":"","overlay-gradient":""},"mobile":{"background-color":"","background-image":"","background-repeat":"repeat","background-position":"center center","background-size":"auto","background-attachment":"scroll","background-type":"","background-media":"","overlay-type":"","overlay-color":"","overlay-opacity":"","overlay-gradient":""}},"ast-content-background-meta":{"desktop":{"background-color":"var(--ast-global-color-5)","background-image":"","background-repeat":"repeat","background-position":"center center","background-size":"auto","background-attachment":"scroll","background-type":"","background-media":"","overlay-type":"","overlay-color":"","overlay-opacity":"","overlay-gradient":""},"tablet":{"background-color":"var(--ast-global-color-5)","background-image":"","background-repeat":"repeat","background-position":"center center","background-size":"auto","background-attachment":"scroll","background-type":"","background-media":"","overlay-type":"","overlay-color":"","overlay-opacity":"","overlay-gradient":""},"mobile":{"background-color":"var(--ast-global-color-5)","background-image":"","background-repeat":"repeat","background-position":"center center","background-size":"auto","background-attachment":"scroll","background-type":"","background-media":"","overlay-type":"","overlay-color":"","overlay-opacity":"","overlay-gradient":""}},"footnotes":""},"class_list":["post-433","page","type-page","status-publish","hentry"],"yoast_head":"<!-- This site is optimized with the Yoast SEO plugin v27.4 - https:\/\/yoast.com\/product\/yoast-seo-wordpress\/ -->\n<title>Kontakt - Club K\u00f6lner Filmer<\/title>\n<meta name=\"robots\" content=\"index, follow, max-snippet:-1, max-image-preview:large, max-video-preview:-1\" \/>\n<link rel=\"canonical\" href=\"https:\/\/koelner-filmer.de\/?page_id=433\" \/>\n<meta property=\"og:locale\" content=\"de_DE\" \/>\n<meta property=\"og:type\" content=\"article\" \/>\n<meta property=\"og:title\" content=\"Kontakt - Club K\u00f6lner Filmer\" \/>\n<meta property=\"og:description\" content=\"Sag Hallo B\u00dcRGERHAUs K\u00d6LN-ZOLLSTOCK Club K\u00f6lner Filmer e.V. Rosenzweigweg 1 50969 K\u00f6ln \u00a0 Schreib uns eine Nachricht: Kontakt\" \/>\n<meta property=\"og:url\" content=\"https:\/\/koelner-filmer.de\/?page_id=433\" \/>\n<meta property=\"og:site_name\" content=\"Club K\u00f6lner Filmer\" \/>\n<meta property=\"article:modified_time\" content=\"2020-10-17T14:58:46+00:00\" \/>\n<meta name=\"twitter:card\" content=\"summary_large_image\" \/>\n<script type=\"application\/ld+json\" class=\"yoast-schema-graph\">{\"@context\":\"https:\\\/\\\/schema.org\",\"@graph\":[{\"@type\":\"WebPage\",\"@id\":\"https:\\\/\\\/koelner-filmer.de\\\/?page_id=433\",\"url\":\"https:\\\/\\\/koelner-filmer.de\\\/?page_id=433\",\"name\":\"Kontakt - Club K\u00f6lner Filmer\",\"isPartOf\":{\"@id\":\"https:\\\/\\\/koelner-filmer.de\\\/#website\"},\"datePublished\":\"2020-10-08T20:09:05+00:00\",\"dateModified\":\"2020-10-17T14:58:46+00:00\",\"breadcrumb\":{\"@id\":\"https:\\\/\\\/koelner-filmer.de\\\/?page_id=433#breadcrumb\"},\"inLanguage\":\"de\",\"potentialAction\":[{\"@type\":\"ReadAction\",\"target\":[\"https:\\\/\\\/koelner-filmer.de\\\/?page_id=433\"]}]},{\"@type\":\"BreadcrumbList\",\"@id\":\"https:\\\/\\\/koelner-filmer.de\\\/?page_id=433#breadcrumb\",\"itemListElement\":[{\"@type\":\"ListItem\",\"position\":1,\"name\":\"Startseite\",\"item\":\"https:\\\/\\\/koelner-filmer.de\\\/\"},{\"@type\":\"ListItem\",\"position\":2,\"name\":\"Kontakt\"}]},{\"@type\":\"WebSite\",\"@id\":\"https:\\\/\\\/koelner-filmer.de\\\/#website\",\"url\":\"https:\\\/\\\/koelner-filmer.de\\\/\",\"name\":\"Koelner-filmer.de\",\"description\":\"Lerne mit uns Filme zu machen\",\"publisher\":{\"@id\":\"https:\\\/\\\/koelner-filmer.de\\\/#organization\"},\"potentialAction\":[{\"@type\":\"SearchAction\",\"target\":{\"@type\":\"EntryPoint\",\"urlTemplate\":\"https:\\\/\\\/koelner-filmer.de\\\/?s={search_term_string}\"},\"query-input\":{\"@type\":\"PropertyValueSpecification\",\"valueRequired\":true,\"valueName\":\"search_term_string\"}}],\"inLanguage\":\"de\"},{\"@type\":\"Organization\",\"@id\":\"https:\\\/\\\/koelner-filmer.de\\\/#organization\",\"name\":\"Club K\u00f6lner Filmer e.V.\",\"url\":\"https:\\\/\\\/koelner-filmer.de\\\/\",\"logo\":{\"@type\":\"ImageObject\",\"inLanguage\":\"de\",\"@id\":\"https:\\\/\\\/koelner-filmer.de\\\/#\\\/schema\\\/logo\\\/image\\\/\",\"url\":\"https:\\\/\\\/koelner-filmer.de\\\/wp-content\\\/uploads\\\/2020\\\/10\\\/Koeln.jpg\",\"contentUrl\":\"https:\\\/\\\/koelner-filmer.de\\\/wp-content\\\/uploads\\\/2020\\\/10\\\/Koeln.jpg\",\"width\":1351,\"height\":1474,\"caption\":\"Club K\u00f6lner Filmer e.V.\"},\"image\":{\"@id\":\"https:\\\/\\\/koelner-filmer.de\\\/#\\\/schema\\\/logo\\\/image\\\/\"}}]}<\/script>\n<!-- \/ Yoast SEO plugin. -->","yoast_head_json":{"title":"Kontakt - Club K\u00f6lner Filmer","robots":{"index":"index","follow":"follow","max-snippet":"max-snippet:-1","max-image-preview":"max-image-preview:large","max-video-preview":"max-video-preview:-1"},"canonical":"https:\/\/koelner-filmer.de\/?page_id=433","og_locale":"de_DE","og_type":"article","og_title":"Kontakt - Club K\u00f6lner Filmer","og_description":"Sag Hallo B\u00dcRGERHAUs K\u00d6LN-ZOLLSTOCK Club K\u00f6lner Filmer e.V. Rosenzweigweg 1 50969 K\u00f6ln \u00a0 Schreib uns eine Nachricht: Kontakt","og_url":"https:\/\/koelner-filmer.de\/?page_id=433","og_site_name":"Club K\u00f6lner Filmer","article_modified_time":"2020-10-17T14:58:46+00:00","twitter_card":"summary_large_image","schema":{"@context":"https:\/\/schema.org","@graph":[{"@type":"WebPage","@id":"https:\/\/koelner-filmer.de\/?page_id=433","url":"https:\/\/koelner-filmer.de\/?page_id=433","name":"Kontakt - Club K\u00f6lner Filmer","isPartOf":{"@id":"https:\/\/koelner-filmer.de\/#website"},"datePublished":"2020-10-08T20:09:05+00:00","dateModified":"2020-10-17T14:58:46+00:00","breadcrumb":{"@id":"https:\/\/koelner-filmer.de\/?page_id=433#breadcrumb"},"inLanguage":"de","potentialAction":[{"@type":"ReadAction","target":["https:\/\/koelner-filmer.de\/?page_id=433"]}]},{"@type":"BreadcrumbList","@id":"https:\/\/koelner-filmer.de\/?page_id=433#breadcrumb","itemListElement":[{"@type":"ListItem","position":1,"name":"Startseite","item":"https:\/\/koelner-filmer.de\/"},{"@type":"ListItem","position":2,"name":"Kontakt"}]},{"@type":"WebSite","@id":"https:\/\/koelner-filmer.de\/#website","url":"https:\/\/koelner-filmer.de\/","name":"Koelner-filmer.de","description":"Lerne mit uns Filme zu machen","publisher":{"@id":"https:\/\/koelner-filmer.de\/#organization"},"potentialAction":[{"@type":"SearchAction","target":{"@type":"EntryPoint","urlTemplate":"https:\/\/koelner-filmer.de\/?s={search_term_string}"},"query-input":{"@type":"PropertyValueSpecification","valueRequired":true,"valueName":"search_term_string"}}],"inLanguage":"de"},{"@type":"Organization","@id":"https:\/\/koelner-filmer.de\/#organization","name":"Club K\u00f6lner Filmer e.V.","url":"https:\/\/koelner-filmer.de\/","logo":{"@type":"ImageObject","inLanguage":"de","@id":"https:\/\/koelner-filmer.de\/#\/schema\/logo\/image\/","url":"https:\/\/koelner-filmer.de\/wp-content\/uploads\/2020\/10\/Koeln.jpg","contentUrl":"https:\/\/koelner-filmer.de\/wp-content\/uploads\/2020\/10\/Koeln.jpg","width":1351,"height":1474,"caption":"Club K\u00f6lner Filmer e.V."},"image":{"@id":"https:\/\/koelner-filmer.de\/#\/schema\/logo\/image\/"}}]}},"_links":{"self":[{"href":"https:\/\/koelner-filmer.de\/index.php?rest_route=\/wp\/v2\/pages\/433","targetHints":{"allow":["GET"]}}],"collection":[{"href":"https:\/\/koelner-filmer.de\/index.php?rest_route=\/wp\/v2\/pages"}],"about":[{"href":"https:\/\/koelner-filmer.de\/index.php?rest_route=\/wp\/v2\/types\/page"}],"author":[{"embeddable":true,"href":"https:\/\/koelner-filmer.de\/index.php?rest_route=\/wp\/v2\/users\/1"}],"replies":[{"embeddable":true,"href":"https:\/\/koelner-filmer.de\/index.php?rest_route=%2Fwp%2Fv2%2Fcomments&post=433"}],"version-history":[{"count":20,"href":"https:\/\/koelner-filmer.de\/index.php?rest_route=\/wp\/v2\/pages\/433\/revisions"}],"predecessor-version":[{"id":1032,"href":"https:\/\/koelner-filmer.de\/index.php?rest_route=\/wp\/v2\/pages\/433\/revisions\/1032"}],"wp:attachment":[{"href":"https:\/\/koelner-filmer.de\/index.php?rest_route=%2Fwp%2Fv2%2Fmedia&parent=433"}],"curies":[{"name":"wp","href":"https:\/\/api.w.org\/{rel}","templated":true}]}}